{"id":99,"date":"2023-01-04T17:04:50","date_gmt":"2023-01-04T17:04:50","guid":{"rendered":"https:\/\/knappschaftsaerzte-niederrhein.de\/?page_id=99"},"modified":"2025-09-18T12:42:05","modified_gmt":"2025-09-18T12:42:05","slug":"impressum","status":"publish","type":"page","link":"https:\/\/knappschaftsaerzte-niederrhein.de\/?page_id=99","title":{"rendered":"Impressum"},"content":{"rendered":"<p>[et_pb_section fb_built=&#8220;1&#8243; custom_padding_last_edited=&#8220;on|phone&#8220; admin_label=&#8220;Header&#8220; _builder_version=&#8220;4.19.4&#8243; _module_preset=&#8220;default&#8220; background_color=&#8220;#cccccc&#8220; use_background_color_gradient=&#8220;on&#8220; background_color_gradient_direction=&#8220;90deg&#8220; background_color_gradient_stops=&#8220;#cccccc 51%|rgba(204,204,204,0) 77%&#8220; background_color_gradient_overlays_image=&#8220;on&#8220; background_color_gradient_start=&#8220;#ffffff&#8220; background_color_gradient_end=&#8220;rgba(255,255,255,0)&#8220; background_color_gradient_end_position=&#8220;48%&#8220; background_image=&#8220;https:\/\/knappschaftsaerzte-niederrhein.de\/wp-content\/uploads\/2023\/01\/Niederrheinischer_knappschaftsaerzteverein_Impressum_BG_1120x570.jpg&#8220; background_size=&#8220;initial&#8220; background_position=&#8220;center_right&#8220; min_height=&#8220;570px&#8220; min_height_tablet=&#8220;570px&#8220; min_height_phone=&#8220;150px&#8220; min_height_last_edited=&#8220;on|phone&#8220; max_height_tablet=&#8220;&#8220; max_height_phone=&#8220;150px&#8220; max_height_last_edited=&#8220;on|phone&#8220; custom_padding=&#8220;||||false|false&#8220; custom_padding_tablet=&#8220;60px||60px||true|false&#8220; custom_padding_phone=&#8220;30px||30px||true|false&#8220; background_last_edited=&#8220;on|tablet&#8220; use_background_color_gradient_tablet=&#8220;off&#8220; background_color_gradient_stops_tablet=&#8220;rgba(255,255,255,0.8) 0%|rgba(255,255,255,0.4) 100%&#8220; background_color_gradient_stops_phone=&#8220;rgba(255,255,255,0.8) 0%|rgba(255,255,255,0.9) 100%&#8220; background_color_gradient_overlays_image_tablet=&#8220;on&#8220; background_color_gradient_start_tablet=&#8220;rgba(255,255,255,0.8)&#8220; background_color_gradient_start_position_tablet=&#8220;0%&#8220; background_color_gradient_end_tablet=&#8220;rgba(255,255,255,0.4)&#8220; background_color_gradient_end_phone=&#8220;rgba(255,255,255,0.9)&#8220; background_color_gradient_end_position_tablet=&#8220;100%&#8220; background_size_phone=&#8220;cover&#8220; locked=&#8220;off&#8220; global_colors_info=&#8220;{}&#8220;][et_pb_row column_structure=&#8220;3_5,2_5&#8243; _builder_version=&#8220;4.16&#8243; _module_preset=&#8220;default&#8220; global_colors_info=&#8220;{}&#8220;][et_pb_column type=&#8220;3_5&#8243; _builder_version=&#8220;4.16&#8243; _module_preset=&#8220;default&#8220; z_index=&#8220;20&#8243; custom_padding=&#8220;||60px||false|false&#8220; global_colors_info=&#8220;{}&#8220;][et_pb_text _builder_version=&#8220;4.19.4&#8243; _module_preset=&#8220;default&#8220; header_font=&#8220;|600|||||||&#8220; header_text_color=&#8220;#000000&#8243; header_font_size=&#8220;80px&#8220; header_line_height=&#8220;1.2em&#8220; header_font_size_tablet=&#8220;40px&#8220; header_font_size_phone=&#8220;24px&#8220; header_font_size_last_edited=&#8220;on|phone&#8220; locked=&#8220;off&#8220; global_colors_info=&#8220;{}&#8220;]<\/p>\n<h1>Impressum<\/h1>\n<p>[\/et_pb_text][\/et_pb_column][et_pb_column type=&#8220;2_5&#8243; _builder_version=&#8220;4.16&#8243; _module_preset=&#8220;default&#8220; global_colors_info=&#8220;{}&#8220;][\/et_pb_column][\/et_pb_row][\/et_pb_section][et_pb_section fb_built=&#8220;1&#8243; admin_label=&#8220;Mission&#8220; _builder_version=&#8220;4.19.4&#8243; _module_preset=&#8220;default&#8220; background_enable_image=&#8220;off&#8220; background_position=&#8220;top_center&#8220; global_colors_info=&#8220;{}&#8220;][et_pb_row _builder_version=&#8220;4.19.4&#8243; _module_preset=&#8220;default&#8220; global_colors_info=&#8220;{}&#8220;][et_pb_column type=&#8220;4_4&#8243; _builder_version=&#8220;4.19.4&#8243; _module_preset=&#8220;default&#8220; global_colors_info=&#8220;{}&#8220;][et_pb_text _builder_version=&#8220;4.27.4&#8243; _module_preset=&#8220;default&#8220; text_font_size=&#8220;16px&#8220; hover_enabled=&#8220;0&#8243; global_colors_info=&#8220;{}&#8220; sticky_enabled=&#8220;0&#8243;]<\/p>\n<p>Angaben gem\u00e4\u00df \u00a7 5 TMG:<\/p>\n<p><strong>Niederrheinischer Knappschafts\u00e4rzteverein e.V.<\/strong><\/p>\n<p><strong>Vertreten durch:<\/strong><br \/>Dr. Andreas Bleser &#8211; Vorsitzender<br \/>Dr. Michael Eggeling &#8211; stellvertr. Vorsitzender<br \/>Dr. Dr. Andreas Bleser &#8211; Vorsitzender Gesch\u00e4ftsausschuss<\/p>\n<p><strong>Anschrift:<\/strong><br \/>Haagstra\u00dfe 8<br \/>47441 Moers<\/p>\n<p><strong>Telefon:<\/strong> +49\u00a0<span>28 42 &#8211; 80 330<\/span><\/p>\n<p><strong>E-Mail:<\/strong> <a href=\"http:\/\/web.archive.org\/web\/20210412062729\/mailto:info@knappschaftsaerzte-niederrhein.de\">info@knappschaftsaerzte-niederrhein.de<\/a><\/p>\n<p><strong>Vereinsregister Nr.:<\/strong> VR-<span>40409 &#8211; Amtsgericht Kleve<\/span><\/p>\n<p><span><strong>inhaltlich verantwortlich:<\/strong> Dr. Martin Koch<\/span><\/p>\n<p>[\/et_pb_text][et_pb_text _builder_version=&#8220;4.19.4&#8243; _module_preset=&#8220;default&#8220; text_font_size=&#8220;16px&#8220; global_colors_info=&#8220;{}&#8220;]<\/p>\n<h2>Haftungsausschluss:<\/h2>\n<p><strong>Haftung f\u00fcr Inhalte<\/strong><\/p>\n<p>Die Inhalte unserer Seiten wurden mit gr\u00f6\u00dfter Sorgfalt erstellt. F\u00fcr die Richtigkeit, Vollst\u00e4ndigkeit und Aktualit\u00e4t der Inhalte k\u00f6nnen wir jedoch keine Gew\u00e4hr \u00fcbernehmen. Als Diensteanbieter sind wir gem\u00e4\u00df \u00a7 7 Abs.1 TMG f\u00fcr eigene Inhalte auf diesen Seiten nach den allgemeinen Gesetzen verantwortlich. Nach \u00a7\u00a7 8 bis 10 TMG sind wir als Diensteanbieter jedoch nicht verpflichtet, \u00fcbermittelte oder gespeicherte fremde Informationen zu \u00fcberwachen oder nach Umst\u00e4nden zu forschen, die auf eine rechtswidrige T\u00e4tigkeit hinweisen. Verpflichtungen zur Entfernung oder Sperrung der Nutzung von Informationen nach den allgemeinen Gesetzen bleiben hiervon unber\u00fchrt. Eine diesbez\u00fcgliche Haftung ist jedoch erst ab dem Zeitpunkt der Kenntnis einer konkreten Rechtsverletzung m\u00f6glich. Bei Bekanntwerden von entsprechenden Rechtsverletzungen werden wir diese Inhalte umgehend entfernen.<\/p>\n<p><strong>Haftung f\u00fcr Links<\/strong><\/p>\n<p>Unser Angebot enth\u00e4lt Links zu externen Webseiten Dritter, auf deren Inhalte wir keinen Einfluss haben. Deshalb k\u00f6nnen wir f\u00fcr diese fremden Inhalte auch keine Gew\u00e4hr \u00fcbernehmen. F\u00fcr die Inhalte der verlinkten Seiten ist stets der jeweilige Anbieter oder Betreiber der Seiten verantwortlich. Die verlinkten Seiten wurden zum Zeitpunkt der Verlinkung auf m\u00f6gliche Rechtsverst\u00f6\u00dfe \u00fcberpr\u00fcft. Rechtswidrige Inhalte waren zum Zeitpunkt der Verlinkung nicht erkennbar. Eine permanente inhaltliche Kontrolle der verlinkten Seiten ist jedoch ohne konkrete Anhaltspunkte einer Rechtsverletzung nicht zumutbar. Bei Bekanntwerden von Rechtsverletzungen werden wir derartige Links umgehend entfernen.<\/p>\n<p><strong>Urheberrecht<\/strong><\/p>\n<p>Die durch die Seitenbetreiber erstellten Inhalte und Werke auf diesen Seiten unterliegen dem deutschen Urheberrecht. Die Vervielf\u00e4ltigung, Bearbeitung, Verbreitung und jede Art der Verwertung au\u00dferhalb der Grenzen des Urheberrechtes bed\u00fcrfen der schriftlichen Zustimmung des jeweiligen Autors bzw. Erstellers. Downloads und Kopien dieser Seite sind nur f\u00fcr den privaten, nicht kommerziellen Gebrauch gestattet. Soweit die Inhalte auf dieser Seite nicht vom Betreiber erstellt wurden, werden die Urheberrechte Dritter beachtet. Insbesondere werden Inhalte Dritter als solche gekennzeichnet. Sollten Sie trotzdem auf eine Urheberrechtsverletzung aufmerksam werden, bitten wir um einen entsprechenden Hinweis. Bei Bekanntwerden von Rechtsverletzungen werden wir derartige Inhalte umgehend entfernen.<\/p>\n<p>[\/et_pb_text][\/et_pb_column][\/et_pb_row][\/et_pb_section][et_pb_section fb_built=&#8220;1&#8243; specialty=&#8220;on&#8220; custom_padding_last_edited=&#8220;off|desktop&#8220; padding_top_2=&#8220;250px&#8220; padding_top_bottom_link_2=&#8220;false&#8220; padding_left_right_link_2=&#8220;false&#8220; padding_2_tablet=&#8220;0px||||false|false&#8220; padding_2_phone=&#8220;&#8220; padding_2_last_edited=&#8220;on|tablet&#8220; admin_label=&#8220;Footer&#8220; module_id=&#8220;kontakt&#8220; _builder_version=&#8220;4.19.4&#8243; _module_preset=&#8220;default&#8220; background_color=&#8220;#cccccc&#8220; use_background_color_gradient=&#8220;on&#8220; background_color_gradient_direction=&#8220;270deg&#8220; background_color_gradient_stops=&#8220;rgba(204,204,204,0) 1%|#cccccc 100%|#cccccc 100%&#8220; background_color_gradient_overlays_image=&#8220;on&#8220; background_color_gradient_start=&#8220;rgba(0,84,80,0.8)&#8220; background_color_gradient_end=&#8220;rgba(0,39,37,0.9)&#8220; background_image=&#8220;https:\/\/knappschaftsaerzte-niederrhein.de\/wp-content\/uploads\/2023\/01\/Niederrheinischer_knappschaftsaerzteverein_Kontakt_BG_900x570.jpg&#8220; background_size=&#8220;contain&#8220; background_position=&#8220;center_right&#8220; custom_padding=&#8220;4vw||4vw||true|false&#8220; custom_padding_tablet=&#8220;60px||60px||true|false&#8220; custom_padding_phone=&#8220;40px||40px||true|false&#8220; background_last_edited=&#8220;on|phone&#8220; background_enable_image_phone=&#8220;off&#8220; global_module=&#8220;126&#8243; saved_tabs=&#8220;all&#8220; locked=&#8220;off&#8220; global_colors_info=&#8220;{}&#8220;][et_pb_column type=&#8220;2_3&#8243; specialty_columns=&#8220;2&#8243; _builder_version=&#8220;4.16&#8243; custom_padding=&#8220;|||&#8220; global_colors_info=&#8220;{}&#8220; custom_padding__hover=&#8220;|||&#8220;][et_pb_row_inner _builder_version=&#8220;4.16&#8243; _module_preset=&#8220;default&#8220; global_colors_info=&#8220;{}&#8220;][et_pb_column_inner saved_specialty_column_type=&#8220;2_3&#8243; _builder_version=&#8220;4.16&#8243; _module_preset=&#8220;default&#8220; global_colors_info=&#8220;{}&#8220;][et_pb_text _builder_version=&#8220;4.19.4&#8243; _module_preset=&#8220;default&#8220; header_2_font=&#8220;|600|||||||&#8220; header_2_text_color=&#8220;#000000&#8243; header_2_font_size=&#8220;60px&#8220; header_2_line_height=&#8220;1.2em&#8220; background_layout=&#8220;dark&#8220; header_2_font_size_tablet=&#8220;42px&#8220; header_2_font_size_phone=&#8220;24px&#8220; header_2_font_size_last_edited=&#8220;on|phone&#8220; locked=&#8220;off&#8220; global_colors_info=&#8220;{}&#8220;]<\/p>\n<h2>Kontakt zu uns.<\/h2>\n<p>[\/et_pb_text][\/et_pb_column_inner][\/et_pb_row_inner][et_pb_row_inner column_structure=&#8220;1_2,1_2&#8243; use_custom_gutter=&#8220;on&#8220; gutter_width=&#8220;1&#8243; make_equal=&#8220;on&#8220; _builder_version=&#8220;4.19.4&#8243; _module_preset=&#8220;default&#8220; custom_padding=&#8220;0px||0px||true|false&#8220; animation_style=&#8220;flip&#8220; animation_direction=&#8220;top&#8220; animation_duration=&#8220;500ms&#8220; animation_intensity_flip=&#8220;10%&#8220; border_radii=&#8220;off|40px|||&#8220; border_radii_tablet=&#8220;&#8220; border_radii_phone=&#8220;off|20px|||&#8220; border_radii_last_edited=&#8220;on|phone&#8220; global_colors_info=&#8220;{}&#8220;][et_pb_column_inner type=&#8220;1_2&#8243; saved_specialty_column_type=&#8220;2_3&#8243; _builder_version=&#8220;4.19.4&#8243; _module_preset=&#8220;default&#8220; background_color=&#8220;rgba(255,255,255,0.51)&#8220; custom_padding=&#8220;40px|30px|40px|30px|true|true&#8220; custom_padding_tablet=&#8220;30px|30px|30px|30px|true|true&#8220; custom_padding_phone=&#8220;20px|20px|20px|20px|true|true&#8220; custom_padding_last_edited=&#8220;on|phone&#8220; global_colors_info=&#8220;{}&#8220;][et_pb_blurb title=&#8220;Email&#8220; use_icon=&#8220;on&#8220; font_icon=&#8220;&#xe076;||divi||400&#8243; icon_color=&#8220;#002725&#8243; image_icon_background_color=&#8220;rgba(0,39,37,0.1)&#8220; image_icon_width=&#8220;18px&#8220; content_max_width=&#8220;100%&#8220; _builder_version=&#8220;4.19.4&#8243; _module_preset=&#8220;default&#8220; header_font=&#8220;Work Sans||||||||&#8220; header_text_color=&#8220;#002725&#8243; header_font_size=&#8220;16px&#8220; header_line_height=&#8220;1.2em&#8220; body_font=&#8220;Poppins|600|||||||&#8220; body_text_color=&#8220;#002725&#8243; body_font_size=&#8220;20px&#8220; body_line_height=&#8220;1.6em&#8220; body_link_text_color=&#8220;#002725&#8243; image_icon_custom_padding=&#8220;25px|25px|25px|25px|false|false&#8220; text_orientation=&#8220;center&#8220; animation=&#8220;off&#8220; header_font_size_tablet=&#8220;&#8220; header_font_size_phone=&#8220;14px&#8220; header_font_size_last_edited=&#8220;on|phone&#8220; body_font_size_tablet=&#8220;18px&#8220; body_font_size_phone=&#8220;16px&#8220; body_font_size_last_edited=&#8220;on|phone&#8220; border_radii_image=&#8220;on|100%|100%|100%|100%&#8220; icon_font_size=&#8220;18px&#8220; use_circle=&#8220;on&#8220; circle_color=&#8220;rgba(0,39,37,0.1)&#8220; locked=&#8220;off&#8220; global_colors_info=&#8220;{}&#8220; image_icon_background_color__sticky_enabled=&#8220;#7EBEC5&#8243; image_icon_background_color__sticky=&#8220;#7EBEC5&#8243;]<\/p>\n<p><a href=\"mailto:drhmkoch@aol.com\">drhmkoch@aol.com<\/a><\/p>\n<p>[\/et_pb_blurb][\/et_pb_column_inner][et_pb_column_inner type=&#8220;1_2&#8243; saved_specialty_column_type=&#8220;2_3&#8243; _builder_version=&#8220;4.19.4&#8243; _module_preset=&#8220;default&#8220; background_color=&#8220;rgba(255,255,255,0.69)&#8220; custom_padding=&#8220;40px|30px|40px|30px|true|true&#8220; custom_padding_tablet=&#8220;30px|30px|30px|30px|true|true&#8220; custom_padding_phone=&#8220;20px|20px|20px|20px|true|true&#8220; custom_padding_last_edited=&#8220;on|phone&#8220; global_colors_info=&#8220;{}&#8220;][et_pb_blurb title=&#8220;Telefon&#8220; use_icon=&#8220;on&#8220; font_icon=&#8220;&#xe090;||divi||400&#8243; icon_color=&#8220;#002725&#8243; image_icon_background_color=&#8220;rgba(0,39,37,0.1)&#8220; image_icon_width=&#8220;18px&#8220; content_max_width=&#8220;100%&#8220; _builder_version=&#8220;4.19.4&#8243; _module_preset=&#8220;default&#8220; header_font=&#8220;Work Sans||||||||&#8220; header_text_color=&#8220;#002725&#8243; header_font_size=&#8220;16px&#8220; header_line_height=&#8220;1.2em&#8220; body_font=&#8220;Poppins|600|||||||&#8220; body_text_color=&#8220;#002725&#8243; body_font_size=&#8220;20px&#8220; body_line_height=&#8220;1.6em&#8220; body_link_text_color=&#8220;#002725&#8243; image_icon_custom_padding=&#8220;25px|25px|25px|25px|false|false&#8220; text_orientation=&#8220;center&#8220; animation=&#8220;off&#8220; header_font_size_tablet=&#8220;&#8220; header_font_size_phone=&#8220;14px&#8220; header_font_size_last_edited=&#8220;on|phone&#8220; body_font_size_tablet=&#8220;18px&#8220; body_font_size_phone=&#8220;16px&#8220; body_font_size_last_edited=&#8220;on|phone&#8220; border_radii_image=&#8220;on|100%|100%|100%|100%&#8220; icon_font_size=&#8220;18px&#8220; use_circle=&#8220;on&#8220; circle_color=&#8220;rgba(255,255,255,0.1)&#8220; locked=&#8220;off&#8220; global_colors_info=&#8220;{}&#8220; image_icon_background_color__sticky_enabled=&#8220;#7EBEC5&#8243; image_icon_background_color__sticky=&#8220;#7EBEC5&#8243;]<\/p>\n<p><span>+49 172 &#8211; 260 1911<\/span><\/p>\n<p>[\/et_pb_blurb][\/et_pb_column_inner][\/et_pb_row_inner][\/et_pb_column][et_pb_column type=&#8220;1_3&#8243; _builder_version=&#8220;4.16&#8243; custom_padding=&#8220;|||&#8220; global_colors_info=&#8220;{}&#8220; custom_padding__hover=&#8220;|||&#8220;][\/et_pb_column][\/et_pb_section]<\/p>\n","protected":false},"excerpt":{"rendered":"<p>ImpressumAngaben gem\u00e4\u00df \u00a7 5 TMG: Niederrheinischer Knappschafts\u00e4rzteverein e.V. Vertreten durch:Dr. Andreas Bleser &#8211; VorsitzenderDr. Michael Eggeling &#8211; stellvertr. VorsitzenderDr. Dr. Andreas Bleser &#8211; Vorsitzender Gesch\u00e4ftsausschuss Anschrift:Haagstra\u00dfe 847441 Moers Telefon: +49\u00a028 42 &#8211; 80 330 E-Mail: info@knappschaftsaerzte-niederrhein.de Vereinsregister Nr.: VR-40409 &#8211; Amtsgericht Kleve inhaltlich verantwortlich: Dr. Martin KochHaftungsausschluss: Haftung f\u00fcr Inhalte Die Inhalte unserer Seiten wurden [&hellip;]<\/p>\n","protected":false},"author":1,"featured_media":0,"parent":0,"menu_order":0,"comment_status":"closed","ping_status":"closed","template":"","meta":{"_et_pb_use_builder":"on","_et_pb_old_content":"","_et_gb_content_width":"","footnotes":""},"class_list":["post-99","page","type-page","status-publish","hentry"],"_links":{"self":[{"href":"https:\/\/knappschaftsaerzte-niederrhein.de\/index.php?rest_route=\/wp\/v2\/pages\/99","targetHints":{"allow":["GET"]}}],"collection":[{"href":"https:\/\/knappschaftsaerzte-niederrhein.de\/index.php?rest_route=\/wp\/v2\/pages"}],"about":[{"href":"https:\/\/knappschaftsaerzte-niederrhein.de\/index.php?rest_route=\/wp\/v2\/types\/page"}],"author":[{"embeddable":true,"href":"https:\/\/knappschaftsaerzte-niederrhein.de\/index.php?rest_route=\/wp\/v2\/users\/1"}],"replies":[{"embeddable":true,"href":"https:\/\/knappschaftsaerzte-niederrhein.de\/index.php?rest_route=%2Fwp%2Fv2%2Fcomments&post=99"}],"version-history":[{"count":7,"href":"https:\/\/knappschaftsaerzte-niederrhein.de\/index.php?rest_route=\/wp\/v2\/pages\/99\/revisions"}],"predecessor-version":[{"id":182,"href":"https:\/\/knappschaftsaerzte-niederrhein.de\/index.php?rest_route=\/wp\/v2\/pages\/99\/revisions\/182"}],"wp:attachment":[{"href":"https:\/\/knappschaftsaerzte-niederrhein.de\/index.php?rest_route=%2Fwp%2Fv2%2Fmedia&parent=99"}],"curies":[{"name":"wp","href":"https:\/\/api.w.org\/{rel}","templated":true}]}}